{"id":158,"date":"2015-08-05T07:54:47","date_gmt":"2015-08-05T07:54:47","guid":{"rendered":"http:\/\/www.dynamica.no:8000\/?page_id=158"},"modified":"2017-01-30T12:15:53","modified_gmt":"2017-01-30T12:15:53","slug":"158-2","status":"publish","type":"page","link":"https:\/\/www.dynamica.no\/?page_id=158","title":{"rendered":"Marine operasjoner"},"content":{"rendered":"<h2><u>M<\/u>arine <u>Op<\/u>erasjoner<\/h2>\n<p>Betydelige kostnadsreduksjoner kan ofte oppn\u00e5s ved \u00e5 teste ut offshore-\/subsea-operasjoner i en dynamisk simulator f\u00f8r man setter til havs og erfarer p\u00e5 den mest kostbare m\u00e5ten. Ofte viser det seg at sm\u00e5 detaljer kan resultere i betydelige besparelser.<\/p>\n<p>Eksempelvis:<\/p>\n<ul>\n<li>Fart\u00f8ysdynamikk, herunder dets thrustere og str\u00f8m\/vindp\u00e5virkning (se\u00a0<a href=\"http:\/\/www.dynamica.no\/?page_id=291\">egen artikkel p\u00e5 engelsk)<\/a>.<\/li>\n<li>Kompliserte taueoperasjoner, e.g. seismiske unders\u00f8kelser.<\/li>\n<li>Dybderegulering av hydrofonkabler.<\/li>\n<li>Fort\u00f8yingssystemer<\/li>\n<li>Ankerh\u00e5ndtering.<\/li>\n<li>Fiskebruk.<\/li>\n<li>Minesveiping.<\/li>\n<li>Kabel- og r\u00f8rlegging.<\/li>\n<\/ul>\n<h2><u>M<\/u>arine <u>Op<\/u>erations <u>S<\/u>imulator &#8211; MOpS<\/h2>\n<p>MOpS er ett eksempel p\u00e5 den type simulatorer Dynamica kan konstruere. Denne benyttes for \u00e5 studere faste legemer forbundet med generelle tausystemer i frie vannmasser, f.eks oppankringssystemer.<\/p>\n<p>En typisk MOpS-anvendelse kan v\u00e6re et tauet system for innsamling av seismikkdata slik som dette:<\/p>\n<p><a href=\"\/wp-content\/uploads\/2015\/07\/mop-pic1.png\"><img loading=\"lazy\" class=\"alignnone wp-image-26 size-full\" src=\"http:\/\/www.dynamica.no\/wp-content\/uploads\/2015\/07\/mop-pic1.png\" alt=\"mop-pic1\" width=\"999\" height=\"774\" srcset=\"https:\/\/www.dynamica.no\/wp-content\/uploads\/2015\/07\/mop-pic1.png 999w, https:\/\/www.dynamica.no\/wp-content\/uploads\/2015\/07\/mop-pic1-300x232.png 300w\" sizes=\"(max-width: 999px) 100vw, 999px\" \/><\/a><\/p>\n<p>Fart\u00f8yet i eksemplet over har en hastighet p\u00e5 4.5 knop, og blir utsatt for en str\u00f8m som kommer inn skr\u00e5tt forfra. Tausystemet trekkes ut ved hjelp av en s\u00e5kalt deflektor som virker etter &laquo;oterfj\u00f8lprinsippet&raquo;. Vi ser hvorledes geometrien blir og hvilke krefter som oppst\u00e5r under operasjonen, eksempelvis ved kursendringer. Feltene vi ser til h\u00f8yre benyttes til \u00e5 endre parametre som for eksempel taulengder og -diametre under simuleringen slik at effekten vises i den animerte delen av skjermbildet. Videre er det muligheter for \u00e5 gj\u00f8re forholdsvis n\u00f8yaktige avstandsm\u00e5linger direkte ved \u00e5 peke i grafikken. Modellen tar bl.a. hensyn til disse effektene:<\/p>\n<ul>\n<li>Hydrodynamiske krefter<\/li>\n<li>Oppdrift<\/li>\n<li>Gravitasjonskrefter<\/li>\n<li>Vilk\u00e5rlige massepunkter<\/li>\n<li>Vilk\u00e5rlige faste krefter<\/li>\n<li>P\u00e5virkning fra faste oppspenningspunkter<\/li>\n<li>Str\u00f8msjikt<\/li>\n<\/ul>\n<p>Simuleringen er basert p\u00e5 \u00e5 l\u00f8se de klassiske hydrodynamiske differensialligningene i tidsplanet ved hjelp av avanserte numeriske l\u00f8sere. Programmeringsspr\u00e5ket er C++.<\/p>\n<p>MOpS har st\u00f8tte for flere str\u00f8msjikt. I dette eksemplet er det definert tre; nordlig ved bunnen, de midtre frie vannmassene flyter i vestlig retning mens overflaten driver \u00f8stover. MOpS estimerer fortl\u00f8pende hvor &laquo;fart\u00f8yet&raquo; ender opp, alt etter hvordan viktige parametre som skiktenes utstrekning, vannhastighet, taudiameter, taustrekket etc. varieres. Omtrent samme metode vil kunne benyttes til \u00e5 simulere nedsetting av last p\u00e5 havbunnen.<\/p>\n<p><a href=\"\/wp-content\/uploads\/2015\/07\/mop-pic6.png\"><img loading=\"lazy\" class=\"alignnone wp-image-31 size-full\" src=\"http:\/\/www.dynamica.no\/wp-content\/uploads\/2015\/07\/mop-pic6.png\" alt=\"mop-pic6\" width=\"942\" height=\"768\" srcset=\"https:\/\/www.dynamica.no\/wp-content\/uploads\/2015\/07\/mop-pic6.png 942w, https:\/\/www.dynamica.no\/wp-content\/uploads\/2015\/07\/mop-pic6-300x245.png 300w\" sizes=\"(max-width: 942px) 100vw, 942px\" \/><\/a><\/p>\n<p>&nbsp;<\/p>\n<p>Her er et mer komplekst eksempel som demonstrerer evnen til \u00e5 h\u00e5ndtere temmelig omfattende beregninger. Dette systemet vil kunne l\u00f8ses p\u00e5\u00a0ca 30 sekunder.<\/p>\n<p><a href=\"\/wp-content\/uploads\/2015\/07\/mop-pic2.png\"><img loading=\"lazy\" class=\"alignnone wp-image-27 size-full\" src=\"http:\/\/www.dynamica.no\/wp-content\/uploads\/2015\/07\/mop-pic2.png\" alt=\"mop-pic2\" width=\"999\" height=\"774\" srcset=\"https:\/\/www.dynamica.no\/wp-content\/uploads\/2015\/07\/mop-pic2.png 999w, https:\/\/www.dynamica.no\/wp-content\/uploads\/2015\/07\/mop-pic2-300x232.png 300w\" sizes=\"(max-width: 999px) 100vw, 999px\" \/><\/a><\/p>\n<p>&nbsp;<\/p>\n<p>S\u00e5 et eksempel p\u00e5 et oppankret legeme som er p\u00e5virket av en homogen havstr\u00f8m. Vi kan lese av kreftene som oppst\u00e5r og f.eks. hvor mye fary\u00f8yet flytter seg hvis str\u00f8mmen endres:<\/p>\n<p><a href=\"\/wp-content\/uploads\/2015\/07\/mop-pic3.png\"><img loading=\"lazy\" class=\"alignnone wp-image-28 size-full\" src=\"http:\/\/www.dynamica.no\/wp-content\/uploads\/2015\/07\/mop-pic3.png\" alt=\"mop-pic3\" width=\"888\" height=\"663\" srcset=\"https:\/\/www.dynamica.no\/wp-content\/uploads\/2015\/07\/mop-pic3.png 888w, https:\/\/www.dynamica.no\/wp-content\/uploads\/2015\/07\/mop-pic3-300x224.png 300w\" sizes=\"(max-width: 888px) 100vw, 888px\" \/><\/a><\/p>\n<p>&nbsp;<\/p>\n<p>Enkelte versjoner av MOpS har ogs\u00e5 innebygget en 3D visualiseringsmulighet. Denne kan v\u00e6re nyttig i noen sammenhenger, som for eksempel studier av lange tau i vekslende str\u00f8mforhold.<\/p>\n<p><a href=\"\/uploads\/2015\/07\/mop-pic4.png\"><img loading=\"lazy\" class=\"alignnone wp-image-29 size-full\" src=\"http:\/\/www.dynamica.no\/wp-content\/uploads\/2015\/07\/mop-pic4.png\" alt=\"mop-pic4\" width=\"1180\" height=\"361\" srcset=\"https:\/\/www.dynamica.no\/wp-content\/uploads\/2015\/07\/mop-pic4.png 1180w, https:\/\/www.dynamica.no\/wp-content\/uploads\/2015\/07\/mop-pic4-300x92.png 300w, https:\/\/www.dynamica.no\/wp-content\/uploads\/2015\/07\/mop-pic4-1024x313.png 1024w\" sizes=\"(max-width: 1180px) 100vw, 1180px\" \/><\/a><\/p>\n<p>&nbsp;<\/p>\n<p>Til slutt et rent oppkonstruert\u00a0system best\u00e5ende av en mengde identiske oppdriftselementer som st\u00e5r oppankret i en svak sirkul\u00e6r str\u00f8mhvirvel:<\/p>\n<p><a href=\"\/wp-content\/uploads\/2015\/07\/mop-pic5.png\"><img loading=\"lazy\" class=\"alignnone wp-image-30 size-full\" src=\"http:\/\/www.dynamica.no\/wp-content\/uploads\/2015\/07\/mop-pic5.png\" alt=\"mop-pic5\" width=\"1078\" height=\"837\" srcset=\"https:\/\/www.dynamica.no\/wp-content\/uploads\/2015\/07\/mop-pic5.png 1078w, https:\/\/www.dynamica.no\/wp-content\/uploads\/2015\/07\/mop-pic5-300x233.png 300w, https:\/\/www.dynamica.no\/wp-content\/uploads\/2015\/07\/mop-pic5-1024x795.png 1024w\" sizes=\"(max-width: 1078px) 100vw, 1078px\" \/><\/a><\/p>\n","protected":false},"excerpt":{"rendered":"<p>Marine Operasjoner Betydelige kostnadsreduksjoner kan ofte oppn\u00e5s ved \u00e5 teste ut offshore-\/subsea-operasjoner i en dynamisk simulator f\u00f8r man setter til havs og erfarer p\u00e5 den mest kostbare m\u00e5ten. Ofte viser det seg at sm\u00e5 detaljer kan resultere i betydelige besparelser. Eksempelvis: Fart\u00f8ysdynamikk, herunder dets thrustere og str\u00f8m\/vindp\u00e5virkning (se\u00a0egen artikkel p\u00e5 engelsk). Kompliserte taueoperasjoner, e.g. seismiske &hellip; <a href=\"https:\/\/www.dynamica.no\/?page_id=158\" class=\"more-link\">Fortsett \u00e5 lese <span class=\"screen-reader-text\">Marine operasjoner<\/span><\/a><\/p>\n","protected":false},"author":1,"featured_media":0,"parent":0,"menu_order":0,"comment_status":"closed","ping_status":"open","template":"","meta":[],"_links":{"self":[{"href":"https:\/\/www.dynamica.no\/index.php?rest_route=\/wp\/v2\/pages\/158"}],"collection":[{"href":"https:\/\/www.dynamica.no\/index.php?rest_route=\/wp\/v2\/pages"}],"about":[{"href":"https:\/\/www.dynamica.no\/index.php?rest_route=\/wp\/v2\/types\/page"}],"author":[{"embeddable":true,"href":"https:\/\/www.dynamica.no\/index.php?rest_route=\/wp\/v2\/users\/1"}],"replies":[{"embeddable":true,"href":"https:\/\/www.dynamica.no\/index.php?rest_route=%2Fwp%2Fv2%2Fcomments&post=158"}],"version-history":[{"count":40,"href":"https:\/\/www.dynamica.no\/index.php?rest_route=\/wp\/v2\/pages\/158\/revisions"}],"predecessor-version":[{"id":391,"href":"https:\/\/www.dynamica.no\/index.php?rest_route=\/wp\/v2\/pages\/158\/revisions\/391"}],"wp:attachment":[{"href":"https:\/\/www.dynamica.no\/index.php?rest_route=%2Fwp%2Fv2%2Fmedia&parent=158"}],"curies":[{"name":"wp","href":"https:\/\/api.w.org\/{rel}","templated":true}]}}