{"id":432,"date":"2017-06-06T12:08:33","date_gmt":"2017-06-06T12:08:33","guid":{"rendered":"http:\/\/www.dynamica.no\/?page_id=432"},"modified":"2020-01-03T15:23:08","modified_gmt":"2020-01-03T15:23:08","slug":"ulineaer-modellprediktiv-regulering","status":"publish","type":"page","link":"https:\/\/www.dynamica.no\/?page_id=432","title":{"rendered":"Uline\u00e6r multivariabel modellprediktiv regulering"},"content":{"rendered":"<p>Visse dynamiske systemer kjennetegnes med overtallige p\u00e5dragselementer (control inputs), noe som introduserer interessante optimaliseringsproblemer.<\/p>\n<p>Vi har implementert og analysert en enkel men utradisjonell algoritme som har en del interessante fortrinn. Ett av dem er muligheten for \u00e5 variere vekting av faktorer, eksempelvis \u00f8konomiske, fortl\u00f8pende under drift.<\/p>\n<p>Link til\u00a0<a href=\"https:\/\/www.dynamica.no\/?page_id=291\">engelskspr\u00e5klig artikkel<\/a>.<\/p>\n<p>I dette tilfelle anvendt p\u00e5 thrusterallokering i maritime fart\u00f8yer, hvor metoden burde passe spesielt godt. Prinsippet er imidlertid generelt og kan v\u00e6re aktuelt i mange typer dynamiske systemer med overtallige p\u00e5dragselementer eller dominerende uline\u00e6riteter.<\/p>\n<p>Eksempelvis mange typer kj\u00f8ret\u00f8yer, innen prosessteknikk, energiproduksjon (vindturbinparker med interferens), energidistribusjon (varierende str\u00f8mpriser, batteribanker) etc.<\/p>\n","protected":false},"excerpt":{"rendered":"<p>Visse dynamiske systemer kjennetegnes med overtallige p\u00e5dragselementer (control inputs), noe som introduserer interessante optimaliseringsproblemer. Vi har implementert og analysert en enkel men utradisjonell algoritme som har en del interessante fortrinn. Ett av dem er muligheten for \u00e5 variere vekting av faktorer, eksempelvis \u00f8konomiske, fortl\u00f8pende under drift. Link til\u00a0engelskspr\u00e5klig artikkel. I dette tilfelle anvendt p\u00e5 thrusterallokering &hellip; <a href=\"https:\/\/www.dynamica.no\/?page_id=432\" class=\"more-link\">Fortsett \u00e5 lese <span class=\"screen-reader-text\">Uline\u00e6r multivariabel modellprediktiv regulering<\/span><\/a><\/p>\n","protected":false},"author":2,"featured_media":0,"parent":0,"menu_order":0,"comment_status":"closed","ping_status":"closed","template":"","meta":[],"_links":{"self":[{"href":"https:\/\/www.dynamica.no\/index.php?rest_route=\/wp\/v2\/pages\/432"}],"collection":[{"href":"https:\/\/www.dynamica.no\/index.php?rest_route=\/wp\/v2\/pages"}],"about":[{"href":"https:\/\/www.dynamica.no\/index.php?rest_route=\/wp\/v2\/types\/page"}],"author":[{"embeddable":true,"href":"https:\/\/www.dynamica.no\/index.php?rest_route=\/wp\/v2\/users\/2"}],"replies":[{"embeddable":true,"href":"https:\/\/www.dynamica.no\/index.php?rest_route=%2Fwp%2Fv2%2Fcomments&post=432"}],"version-history":[{"count":12,"href":"https:\/\/www.dynamica.no\/index.php?rest_route=\/wp\/v2\/pages\/432\/revisions"}],"predecessor-version":[{"id":516,"href":"https:\/\/www.dynamica.no\/index.php?rest_route=\/wp\/v2\/pages\/432\/revisions\/516"}],"wp:attachment":[{"href":"https:\/\/www.dynamica.no\/index.php?rest_route=%2Fwp%2Fv2%2Fmedia&parent=432"}],"curies":[{"name":"wp","href":"https:\/\/api.w.org\/{rel}","templated":true}]}}